{"id":19,"date":"2023-12-01T10:47:17","date_gmt":"2023-12-01T10:47:17","guid":{"rendered":"https:\/\/videos.danielconversano.com\/?page_id=19"},"modified":"2023-12-07T10:08:48","modified_gmt":"2023-12-07T10:08:48","slug":"cart","status":"publish","type":"page","link":"https:\/\/videos.danielconversano.com\/?page_id=19","title":{"rendered":"Panier"},"content":{"rendered":"\n<div data-block-name=\"woocommerce\/cart\" class=\"wp-block-woocommerce-cart alignwide is-loading\">\n<div data-block-name=\"woocommerce\/filled-cart-block\" class=\"wp-block-woocommerce-filled-cart-block\">\n<div data-block-name=\"woocommerce\/cart-items-block\" class=\"wp-block-woocommerce-cart-items-block\">\n<div data-block-name=\"woocommerce\/cart-line-items-block\" class=\"wp-block-woocommerce-cart-line-items-block\"><\/div>\n\n\n\n<div data-block-name=\"woocommerce\/cart-cross-sells-block\" class=\"wp-block-woocommerce-cart-cross-sells-block\">\n<h2 class=\"wp-block-heading has-large-font-size\">You may be interested in\u2026<\/h2>\n\n\n\n<div data-block-name=\"woocommerce\/cart-cross-sells-products-block\" class=\"wp-block-woocommerce-cart-cross-sells-products-block\"><\/div>\n<\/div>\n<\/div>\n\n\n\n<div data-block-name=\"woocommerce\/cart-totals-block\" class=\"wp-block-woocommerce-cart-totals-block\">\n<div data-block-name=\"woocommerce\/cart-order-summary-block\" class=\"wp-block-woocommerce-cart-order-summary-block\">\n<div data-block-name=\"woocommerce\/cart-order-summary-heading-block\" class=\"wp-block-woocommerce-cart-order-summary-heading-block\"><\/div><div data-block-name=\"woocommerce\/cart-order-summary-coupon-form-block\" class=\"wp-block-woocommerce-cart-order-summary-coupon-form-block\"><\/div><div data-block-name=\"woocommerce\/cart-order-summary-totals-block\" class=\"wp-block-woocommerce-cart-order-summary-totals-block\">\n<div data-block-name=\"woocommerce\/cart-order-summary-subtotal-block\" class=\"wp-block-woocommerce-cart-order-summary-subtotal-block\"><\/div>\n<div data-block-name=\"woocommerce\/cart-order-summary-discount-block\" class=\"wp-block-woocommerce-cart-order-summary-discount-block\"><\/div>\n<div data-block-name=\"woocommerce\/cart-order-summary-fee-block\" class=\"wp-block-woocommerce-cart-order-summary-fee-block\"><\/div>\n<div data-block-name=\"woocommerce\/cart-order-summary-shipping-block\" class=\"wp-block-woocommerce-cart-order-summary-shipping-block\"><\/div>\n<div data-block-name=\"woocommerce\/cart-order-summary-taxes-block\" class=\"wp-block-woocommerce-cart-order-summary-taxes-block\"><\/div><\/div>\n<\/div>\n\n\n\n<div data-block-name=\"woocommerce\/cart-express-payment-block\" class=\"wp-block-woocommerce-cart-express-payment-block\"><\/div>\n\n\n\n<div data-block-name=\"woocommerce\/proceed-to-checkout-block\" class=\"wp-block-woocommerce-proceed-to-checkout-block\"><\/div>\n\n\n\n<div data-block-name=\"woocommerce\/cart-accepted-payment-methods-block\" class=\"wp-block-woocommerce-cart-accepted-payment-methods-block\"><\/div>\n<\/div>\n<\/div>\n\n\n\n<div data-block-name=\"woocommerce\/empty-cart-block\" class=\"wp-block-woocommerce-empty-cart-block\">\n<h2 class=\"wp-block-heading has-text-align-center with-empty-cart-icon wc-block-cart__empty-cart__title\">Your cart is currently empty!<\/h2>\n\n\n\n<hr class=\"wp-block-separator has-alpha-channel-opacity is-style-dots\"\/>\n\n\n\n<h2 class=\"wp-block-heading has-text-align-center\">New in store<\/h2>\n\n\n<div data-block-name=\"woocommerce\/product-new\" data-columns=\"4\" data-rows=\"1\" class=\"wc-block-grid wp-block-product-new wp-block-woocommerce-product-new wc-block-product-new has-4-columns\"><ul class=\"wc-block-grid__products\"><li class=\"wc-block-grid__product\">\n\t\t\t\t<a href=\"https:\/\/videos.danielconversano.com\/?product=presentation-et-analyse-dun-joyau-du-cinema-dhorreur-lau-dela-1981-de-lucio-fulci\" class=\"wc-block-grid__product-link\">\n\t\t\t\t\t\n\t\t\t\t\t<div class=\"wc-block-grid__product-image\"><img fetchpriority=\"high\" decoding=\"async\" width=\"300\" height=\"300\" src=\"https:\/\/videos.danielconversano.com\/wp-content\/uploads\/2024\/01\/bloody-sunday-critique-au-dela-300x300.jpg\" class=\"attachment-woocommerce_thumbnail size-woocommerce_thumbnail\" alt=\"Pr\u00e9sentation et analyse d&#039;un joyau du cin\u00e9ma d&#039;horreur : L&#039;Au-del\u00e0 (1981) de Lucio Fulci\" srcset=\"https:\/\/videos.danielconversano.com\/wp-content\/uploads\/2024\/01\/bloody-sunday-critique-au-dela-300x300.jpg 300w, https:\/\/videos.danielconversano.com\/wp-content\/uploads\/2024\/01\/bloody-sunday-critique-au-dela-150x150.jpg 150w, https:\/\/videos.danielconversano.com\/wp-content\/uploads\/2024\/01\/bloody-sunday-critique-au-dela-100x100.jpg 100w\" sizes=\"(max-width: 300px) 100vw, 300px\" \/><\/div>\n\t\t\t\t\t<div class=\"wc-block-grid__product-title\">Pr\u00e9sentation et analyse d&rsquo;un joyau du cin\u00e9ma d&rsquo;horreur : L&rsquo;Au-del\u00e0 (1981) de Lucio Fulci<\/div>\n\t\t\t\t<\/a>\n\t\t\t\t<div class=\"wc-block-grid__product-price price\"><span class=\"woocommerce-Price-amount amount\">4,00&nbsp;<span class=\"woocommerce-Price-currencySymbol\">&euro;<\/span><\/span><\/div>\n\t\t\t\t\n\t\t\t\t<div class=\"wp-block-button wc-block-grid__product-add-to-cart\"><a href=\"https:\/\/videos.danielconversano.com\/?product=presentation-et-analyse-dun-joyau-du-cinema-dhorreur-lau-dela-1981-de-lucio-fulci\" aria-label=\"Ajouter au panier\u00a0: &ldquo;Pr\u00e9sentation et analyse d&#039;un joyau du cin\u00e9ma d&#039;horreur : L&#039;Au-del\u00e0 (1981) de Lucio Fulci&rdquo;\" data-quantity=\"1\" data-product_id=\"96\" data-product_sku=\"\" data-price=\"4\" rel=\"nofollow\" class=\"wp-block-button__link  add_to_cart_button\">Contenu Premium<\/a><\/div>\n\t\t\t<\/li><li class=\"wc-block-grid__product\">\n\t\t\t\t<a href=\"https:\/\/videos.danielconversano.com\/?product=presentation-et-analyse-dun-joyau-du-cinema-danimation-ghost-in-the-shell-1995-de-mamoru-oshii\" class=\"wc-block-grid__product-link\">\n\t\t\t\t\t\n\t\t\t\t\t<div class=\"wc-block-grid__product-image\"><img decoding=\"async\" width=\"300\" height=\"300\" src=\"https:\/\/videos.danielconversano.com\/wp-content\/uploads\/2024\/01\/GHOST-300x300.webp\" class=\"attachment-woocommerce_thumbnail size-woocommerce_thumbnail\" alt=\"Pr\u00e9sentation et analyse d&#039;un joyau du cin\u00e9ma d&#039;animation : Ghost in the Shell (1995) de Mamoru Oshii\" srcset=\"https:\/\/videos.danielconversano.com\/wp-content\/uploads\/2024\/01\/GHOST-300x300.webp 300w, https:\/\/videos.danielconversano.com\/wp-content\/uploads\/2024\/01\/GHOST-150x150.webp 150w, https:\/\/videos.danielconversano.com\/wp-content\/uploads\/2024\/01\/GHOST-100x100.webp 100w\" sizes=\"(max-width: 300px) 100vw, 300px\" \/><\/div>\n\t\t\t\t\t<div class=\"wc-block-grid__product-title\">Pr\u00e9sentation et analyse d&rsquo;un joyau du cin\u00e9ma d&rsquo;animation : Ghost in the Shell (1995) de Mamoru Oshii<\/div>\n\t\t\t\t<\/a>\n\t\t\t\t<div class=\"wc-block-grid__product-price price\"><span class=\"woocommerce-Price-amount amount\">4,00&nbsp;<span class=\"woocommerce-Price-currencySymbol\">&euro;<\/span><\/span><\/div>\n\t\t\t\t\n\t\t\t\t<div class=\"wp-block-button wc-block-grid__product-add-to-cart\"><a href=\"https:\/\/videos.danielconversano.com\/?product=presentation-et-analyse-dun-joyau-du-cinema-danimation-ghost-in-the-shell-1995-de-mamoru-oshii\" aria-label=\"Ajouter au panier\u00a0: &ldquo;Pr\u00e9sentation et analyse d&#039;un joyau du cin\u00e9ma d&#039;animation : Ghost in the Shell (1995) de Mamoru Oshii&rdquo;\" data-quantity=\"1\" data-product_id=\"93\" data-product_sku=\"\" data-price=\"4\" rel=\"nofollow\" class=\"wp-block-button__link  add_to_cart_button\">Contenu Premium<\/a><\/div>\n\t\t\t<\/li><li class=\"wc-block-grid__product\">\n\t\t\t\t<a href=\"https:\/\/videos.danielconversano.com\/?product=notes-de-lecture-manifeste-techno-optimiste\" class=\"wc-block-grid__product-link\">\n\t\t\t\t\t\n\t\t\t\t\t<div class=\"wc-block-grid__product-image\"><img decoding=\"async\" width=\"300\" height=\"300\" src=\"https:\/\/videos.danielconversano.com\/wp-content\/uploads\/2023\/12\/meaning-300x300.webp\" class=\"attachment-woocommerce_thumbnail size-woocommerce_thumbnail\" alt=\"Notes de lecture Manifeste Techno-optimiste\" srcset=\"https:\/\/videos.danielconversano.com\/wp-content\/uploads\/2023\/12\/meaning-300x300.webp 300w, https:\/\/videos.danielconversano.com\/wp-content\/uploads\/2023\/12\/meaning-150x150.webp 150w, https:\/\/videos.danielconversano.com\/wp-content\/uploads\/2023\/12\/meaning-100x100.webp 100w\" sizes=\"(max-width: 300px) 100vw, 300px\" \/><\/div>\n\t\t\t\t\t<div class=\"wc-block-grid__product-title\">Notes de lecture Manifeste Techno-optimiste<\/div>\n\t\t\t\t<\/a>\n\t\t\t\t<div class=\"wc-block-grid__product-price price\"><span class=\"woocommerce-Price-amount amount\">3,00&nbsp;<span class=\"woocommerce-Price-currencySymbol\">&euro;<\/span><\/span><\/div>\n\t\t\t\t\n\t\t\t\t<div class=\"wp-block-button wc-block-grid__product-add-to-cart\"><a href=\"https:\/\/videos.danielconversano.com\/?product=notes-de-lecture-manifeste-techno-optimiste\" aria-label=\"Ajouter au panier\u00a0: &ldquo;Notes de lecture Manifeste Techno-optimiste&rdquo;\" data-quantity=\"1\" data-product_id=\"27\" data-product_sku=\"\" data-price=\"3\" rel=\"nofollow\" class=\"wp-block-button__link  add_to_cart_button\">Contenu Premium<\/a><\/div>\n\t\t\t<\/li><\/ul><\/div><\/div>\n<\/div>\n","protected":false},"excerpt":{"rendered":"","protected":false},"author":1,"featured_media":0,"parent":0,"menu_order":0,"comment_status":"closed","ping_status":"closed","template":"","meta":{"footnotes":""},"class_list":["post-19","page","type-page","status-publish","hentry"],"_links":{"self":[{"href":"https:\/\/videos.danielconversano.com\/index.php?rest_route=\/wp\/v2\/pages\/19","targetHints":{"allow":["GET"]}}],"collection":[{"href":"https:\/\/videos.danielconversano.com\/index.php?rest_route=\/wp\/v2\/pages"}],"about":[{"href":"https:\/\/videos.danielconversano.com\/index.php?rest_route=\/wp\/v2\/types\/page"}],"author":[{"embeddable":true,"href":"https:\/\/videos.danielconversano.com\/index.php?rest_route=\/wp\/v2\/users\/1"}],"replies":[{"embeddable":true,"href":"https:\/\/videos.danielconversano.com\/index.php?rest_route=%2Fwp%2Fv2%2Fcomments&post=19"}],"version-history":[{"count":1,"href":"https:\/\/videos.danielconversano.com\/index.php?rest_route=\/wp\/v2\/pages\/19\/revisions"}],"predecessor-version":[{"id":29,"href":"https:\/\/videos.danielconversano.com\/index.php?rest_route=\/wp\/v2\/pages\/19\/revisions\/29"}],"wp:attachment":[{"href":"https:\/\/videos.danielconversano.com\/index.php?rest_route=%2Fwp%2Fv2%2Fmedia&parent=19"}],"curies":[{"name":"wp","href":"https:\/\/api.w.org\/{rel}","templated":true}]}}