{"id":40,"date":"2023-12-11T16:33:36","date_gmt":"2023-12-11T16:33:36","guid":{"rendered":"https:\/\/videos.danielconversano.com\/?page_id=40"},"modified":"2023-12-11T16:36:19","modified_gmt":"2023-12-11T16:36:19","slug":"elementor-40","status":"publish","type":"page","link":"https:\/\/videos.danielconversano.com\/?page_id=40","title":{"rendered":"Accueil"},"content":{"rendered":"\t\t<div data-elementor-type=\"wp-page\" data-elementor-id=\"40\" class=\"elementor elementor-40\" data-elementor-post-type=\"page\">\n\t\t\t\t<div class=\"elementor-element elementor-element-16dd689 e-flex e-con-boxed e-con e-parent\" data-id=\"16dd689\" data-element_type=\"container\">\n\t\t\t\t\t<div class=\"e-con-inner\">\n\t\t\t\t<div class=\"elementor-element elementor-element-376940d elementor-widget elementor-widget-heading\" data-id=\"376940d\" data-element_type=\"widget\" data-widget_type=\"heading.default\">\n\t\t\t\t<div class=\"elementor-widget-container\">\n\t\t\t\t\t<h2 class=\"elementor-heading-title elementor-size-default\">Videos \u00e0 la demande<\/h2>\t\t\t\t<\/div>\n\t\t\t\t<\/div>\n\t\t\t\t\t<\/div>\n\t\t\t\t<\/div>\n\t\t<div class=\"elementor-element elementor-element-70593a1 e-flex e-con-boxed e-con e-parent\" data-id=\"70593a1\" data-element_type=\"container\">\n\t\t\t\t\t<div class=\"e-con-inner\">\n\t\t\t\t<div class=\"elementor-element elementor-element-27eeb69 elementor-grid-4 elementor-grid-tablet-3 elementor-grid-mobile-2 elementor-products-grid elementor-wc-products elementor-widget elementor-widget-woocommerce-products\" data-id=\"27eeb69\" data-element_type=\"widget\" data-widget_type=\"woocommerce-products.default\">\n\t\t\t\t<div class=\"elementor-widget-container\">\n\t\t\t\t\t<div class=\"woocommerce columns-4 \"><ul class=\"products elementor-grid columns-4\">\n<li class=\"product type-product post-96 status-publish first instock product_cat-uncategorized has-post-thumbnail virtual sold-individually purchasable product-type-paywall\">\n\t<a href=\"https:\/\/videos.danielconversano.com\/?product=presentation-et-analyse-dun-joyau-du-cinema-dhorreur-lau-dela-1981-de-lucio-fulci\" class=\"woocommerce-LoopProduct-link woocommerce-loop-product__link\"><img fetchpriority=\"high\" decoding=\"async\" width=\"300\" height=\"300\" src=\"https:\/\/videos.danielconversano.com\/wp-content\/uploads\/2024\/01\/bloody-sunday-critique-au-dela-300x300.jpg\" class=\"attachment-woocommerce_thumbnail size-woocommerce_thumbnail\" alt=\"Pr\u00e9sentation et analyse d&#039;un joyau du cin\u00e9ma d&#039;horreur : L&#039;Au-del\u00e0 (1981) de Lucio Fulci\" srcset=\"https:\/\/videos.danielconversano.com\/wp-content\/uploads\/2024\/01\/bloody-sunday-critique-au-dela-300x300.jpg 300w, https:\/\/videos.danielconversano.com\/wp-content\/uploads\/2024\/01\/bloody-sunday-critique-au-dela-150x150.jpg 150w, https:\/\/videos.danielconversano.com\/wp-content\/uploads\/2024\/01\/bloody-sunday-critique-au-dela-100x100.jpg 100w\" sizes=\"(max-width: 300px) 100vw, 300px\" \/><h2 class=\"woocommerce-loop-product__title\">Pr\u00e9sentation et analyse d&rsquo;un joyau du cin\u00e9ma d&rsquo;horreur : L&rsquo;Au-del\u00e0 (1981) de Lucio Fulci<\/h2>\n\t<span class=\"price\"><span class=\"woocommerce-Price-amount amount\"><bdi>4,00&nbsp;<span class=\"woocommerce-Price-currencySymbol\">&euro;<\/span><\/bdi><\/span><\/span>\n<\/a><a href=\"https:\/\/videos.danielconversano.com\/?product=presentation-et-analyse-dun-joyau-du-cinema-dhorreur-lau-dela-1981-de-lucio-fulci\" aria-describedby=\"woocommerce_loop_add_to_cart_link_describedby_96\" data-quantity=\"1\" class=\"button product_type_paywall add_to_cart_button\" data-product_id=\"96\" data-product_sku=\"\" aria-label=\"Ajouter au panier\u00a0: &ldquo;Pr\u00e9sentation et analyse d&#039;un joyau du cin\u00e9ma d&#039;horreur : L&#039;Au-del\u00e0 (1981) de Lucio Fulci&rdquo;\" rel=\"nofollow\" data-success_message=\"\u00ab\u00a0Pr\u00e9sentation et analyse d&#039;un joyau du cin\u00e9ma d&#039;horreur : L&#039;Au-del\u00e0 (1981) de Lucio Fulci\u00a0\u00bb a \u00e9t\u00e9 ajout\u00e9 \u00e0 votre panier\">Contenu Premium<\/a>\t<span id=\"woocommerce_loop_add_to_cart_link_describedby_96\" class=\"screen-reader-text\">\n\t\t\t<\/span>\n<\/li>\n<li class=\"product type-product post-93 status-publish instock product_cat-uncategorized has-post-thumbnail virtual sold-individually purchasable product-type-paywall\">\n\t<a href=\"https:\/\/videos.danielconversano.com\/?product=presentation-et-analyse-dun-joyau-du-cinema-danimation-ghost-in-the-shell-1995-de-mamoru-oshii\" class=\"woocommerce-LoopProduct-link woocommerce-loop-product__link\"><img decoding=\"async\" width=\"300\" height=\"300\" src=\"https:\/\/videos.danielconversano.com\/wp-content\/uploads\/2024\/01\/GHOST-300x300.webp\" class=\"attachment-woocommerce_thumbnail size-woocommerce_thumbnail\" alt=\"Pr\u00e9sentation et analyse d&#039;un joyau du cin\u00e9ma d&#039;animation : Ghost in the Shell (1995) de Mamoru Oshii\" srcset=\"https:\/\/videos.danielconversano.com\/wp-content\/uploads\/2024\/01\/GHOST-300x300.webp 300w, https:\/\/videos.danielconversano.com\/wp-content\/uploads\/2024\/01\/GHOST-150x150.webp 150w, https:\/\/videos.danielconversano.com\/wp-content\/uploads\/2024\/01\/GHOST-100x100.webp 100w\" sizes=\"(max-width: 300px) 100vw, 300px\" \/><h2 class=\"woocommerce-loop-product__title\">Pr\u00e9sentation et analyse d&rsquo;un joyau du cin\u00e9ma d&rsquo;animation : Ghost in the Shell (1995) de Mamoru Oshii<\/h2>\n\t<span class=\"price\"><span class=\"woocommerce-Price-amount amount\"><bdi>4,00&nbsp;<span class=\"woocommerce-Price-currencySymbol\">&euro;<\/span><\/bdi><\/span><\/span>\n<\/a><a href=\"https:\/\/videos.danielconversano.com\/?product=presentation-et-analyse-dun-joyau-du-cinema-danimation-ghost-in-the-shell-1995-de-mamoru-oshii\" aria-describedby=\"woocommerce_loop_add_to_cart_link_describedby_93\" data-quantity=\"1\" class=\"button product_type_paywall add_to_cart_button\" data-product_id=\"93\" data-product_sku=\"\" aria-label=\"Ajouter au panier\u00a0: &ldquo;Pr\u00e9sentation et analyse d&#039;un joyau du cin\u00e9ma d&#039;animation : Ghost in the Shell (1995) de Mamoru Oshii&rdquo;\" rel=\"nofollow\" data-success_message=\"\u00ab\u00a0Pr\u00e9sentation et analyse d&#039;un joyau du cin\u00e9ma d&#039;animation : Ghost in the Shell (1995) de Mamoru Oshii\u00a0\u00bb a \u00e9t\u00e9 ajout\u00e9 \u00e0 votre panier\">Contenu Premium<\/a>\t<span id=\"woocommerce_loop_add_to_cart_link_describedby_93\" class=\"screen-reader-text\">\n\t\t\t<\/span>\n<\/li>\n<li class=\"product type-product post-27 status-publish instock product_cat-uncategorized has-post-thumbnail virtual sold-individually purchasable product-type-paywall\">\n\t<a href=\"https:\/\/videos.danielconversano.com\/?product=notes-de-lecture-manifeste-techno-optimiste\" class=\"woocommerce-LoopProduct-link woocommerce-loop-product__link\"><img decoding=\"async\" width=\"300\" height=\"300\" src=\"https:\/\/videos.danielconversano.com\/wp-content\/uploads\/2023\/12\/meaning-300x300.webp\" class=\"attachment-woocommerce_thumbnail size-woocommerce_thumbnail\" alt=\"Notes de lecture Manifeste Techno-optimiste\" srcset=\"https:\/\/videos.danielconversano.com\/wp-content\/uploads\/2023\/12\/meaning-300x300.webp 300w, https:\/\/videos.danielconversano.com\/wp-content\/uploads\/2023\/12\/meaning-150x150.webp 150w, https:\/\/videos.danielconversano.com\/wp-content\/uploads\/2023\/12\/meaning-100x100.webp 100w\" sizes=\"(max-width: 300px) 100vw, 300px\" \/><h2 class=\"woocommerce-loop-product__title\">Notes de lecture Manifeste Techno-optimiste<\/h2>\n\t<span class=\"price\"><span class=\"woocommerce-Price-amount amount\"><bdi>3,00&nbsp;<span class=\"woocommerce-Price-currencySymbol\">&euro;<\/span><\/bdi><\/span><\/span>\n<\/a><a href=\"https:\/\/videos.danielconversano.com\/?product=notes-de-lecture-manifeste-techno-optimiste\" aria-describedby=\"woocommerce_loop_add_to_cart_link_describedby_27\" data-quantity=\"1\" class=\"button product_type_paywall add_to_cart_button\" data-product_id=\"27\" data-product_sku=\"\" aria-label=\"Ajouter au panier\u00a0: &ldquo;Notes de lecture Manifeste Techno-optimiste&rdquo;\" rel=\"nofollow\" data-success_message=\"\u00ab\u00a0Notes de lecture Manifeste Techno-optimiste\u00a0\u00bb a \u00e9t\u00e9 ajout\u00e9 \u00e0 votre panier\">Contenu Premium<\/a>\t<span id=\"woocommerce_loop_add_to_cart_link_describedby_27\" class=\"screen-reader-text\">\n\t\t\t<\/span>\n<\/li>\n<\/ul>\n<\/div>\t\t\t\t<\/div>\n\t\t\t\t<\/div>\n\t\t\t\t\t<\/div>\n\t\t\t\t<\/div>\n\t\t\t\t<\/div>\n\t\t","protected":false},"excerpt":{"rendered":"<p>Videos \u00e0 la demande<\/p>\n","protected":false},"author":1,"featured_media":0,"parent":0,"menu_order":0,"comment_status":"closed","ping_status":"closed","template":"elementor_header_footer","meta":{"footnotes":""},"class_list":["post-40","page","type-page","status-publish","hentry"],"_links":{"self":[{"href":"https:\/\/videos.danielconversano.com\/index.php?rest_route=\/wp\/v2\/pages\/40","targetHints":{"allow":["GET"]}}],"collection":[{"href":"https:\/\/videos.danielconversano.com\/index.php?rest_route=\/wp\/v2\/pages"}],"about":[{"href":"https:\/\/videos.danielconversano.com\/index.php?rest_route=\/wp\/v2\/types\/page"}],"author":[{"embeddable":true,"href":"https:\/\/videos.danielconversano.com\/index.php?rest_route=\/wp\/v2\/users\/1"}],"replies":[{"embeddable":true,"href":"https:\/\/videos.danielconversano.com\/index.php?rest_route=%2Fwp%2Fv2%2Fcomments&post=40"}],"version-history":[{"count":10,"href":"https:\/\/videos.danielconversano.com\/index.php?rest_route=\/wp\/v2\/pages\/40\/revisions"}],"predecessor-version":[{"id":79,"href":"https:\/\/videos.danielconversano.com\/index.php?rest_route=\/wp\/v2\/pages\/40\/revisions\/79"}],"wp:attachment":[{"href":"https:\/\/videos.danielconversano.com\/index.php?rest_route=%2Fwp%2Fv2%2Fmedia&parent=40"}],"curies":[{"name":"wp","href":"https:\/\/api.w.org\/{rel}","templated":true}]}}