{"id":93,"date":"2024-01-15T17:52:58","date_gmt":"2024-01-15T17:52:58","guid":{"rendered":"https:\/\/videos.danielconversano.com\/?post_type=product&#038;p=93"},"modified":"2024-02-28T16:29:12","modified_gmt":"2024-02-28T16:29:12","slug":"presentation-et-analyse-dun-joyau-du-cinema-danimation-ghost-in-the-shell-1995-de-mamoru-oshii","status":"publish","type":"product","link":"https:\/\/videos.danielconversano.com\/?product=presentation-et-analyse-dun-joyau-du-cinema-danimation-ghost-in-the-shell-1995-de-mamoru-oshii","title":{"rendered":"Pr\u00e9sentation et analyse d&rsquo;un joyau du cin\u00e9ma d&rsquo;animation : Ghost in the Shell (1995) de Mamoru Oshii"},"content":{"rendered":"<p>[woopaywall_show_after_purchase]<br \/>\n<iframe class=\"wp-embedded-content\" sandbox=\"allow-scripts\" security=\"restricted\" frameborder=\"0\" height=\"450\" width=\"800\" src=\"https:\/\/customer-x3kc35kiko11ug8r.cloudflarestream.com\/6102ad822a071e9d34e23f1325586822\/iframe#?secret=j9hE9oCycj\" data-secret=\"j9hE9oCycj\"><\/iframe><br \/>\n[\/woopaywall_show_after_purchase]<\/p>\n","protected":false},"excerpt":{"rendered":"<p>R\u00e9sum\u00e9 : En 2029, le monde, ainsi que l&rsquo;\u00e2me humaine, sont contr\u00f4l\u00e9s par Internet. Motoko Kusagani, une cyberpolici\u00e8re, et Batou, deux cyborgs appartenant \u00e0 la section 9, anti-terroriste, doivent mettre la main sur un hacker myst\u00e9rieux en contact avec un diplomate corrompu. Celui-ci est suspect\u00e9 d&rsquo;\u00eatre \u00e0 la t\u00eate d&rsquo;un tr\u00e8s lucratif trafic d&rsquo;armes. La section 6, s&rsquo;int\u00e9resse \u00e9galement au programmateur informatique dans le cadre du myst\u00e9rieux projet 2501 et met des b\u00e2tons dans les roues du duo.<\/p>\n","protected":false},"featured_media":94,"template":"","meta":[],"product_brand":[],"product_cat":[15],"product_tag":[],"class_list":{"0":"post-93","1":"product","2":"type-product","3":"status-publish","4":"has-post-thumbnail","6":"product_cat-uncategorized","8":"first","9":"instock","10":"virtual","11":"sold-individually","12":"purchasable","13":"product-type-paywall"},"_links":{"self":[{"href":"https:\/\/videos.danielconversano.com\/index.php?rest_route=\/wp\/v2\/product\/93","targetHints":{"allow":["GET"]}}],"collection":[{"href":"https:\/\/videos.danielconversano.com\/index.php?rest_route=\/wp\/v2\/product"}],"about":[{"href":"https:\/\/videos.danielconversano.com\/index.php?rest_route=\/wp\/v2\/types\/product"}],"version-history":[{"count":3,"href":"https:\/\/videos.danielconversano.com\/index.php?rest_route=\/wp\/v2\/product\/93\/revisions"}],"predecessor-version":[{"id":107,"href":"https:\/\/videos.danielconversano.com\/index.php?rest_route=\/wp\/v2\/product\/93\/revisions\/107"}],"wp:featuredmedia":[{"embeddable":true,"href":"https:\/\/videos.danielconversano.com\/index.php?rest_route=\/wp\/v2\/media\/94"}],"wp:attachment":[{"href":"https:\/\/videos.danielconversano.com\/index.php?rest_route=%2Fwp%2Fv2%2Fmedia&parent=93"}],"wp:term":[{"taxonomy":"product_brand","embeddable":true,"href":"https:\/\/videos.danielconversano.com\/index.php?rest_route=%2Fwp%2Fv2%2Fproduct_brand&post=93"},{"taxonomy":"product_cat","embeddable":true,"href":"https:\/\/videos.danielconversano.com\/index.php?rest_route=%2Fwp%2Fv2%2Fproduct_cat&post=93"},{"taxonomy":"product_tag","embeddable":true,"href":"https:\/\/videos.danielconversano.com\/index.php?rest_route=%2Fwp%2Fv2%2Fproduct_tag&post=93"}],"curies":[{"name":"wp","href":"https:\/\/api.w.org\/{rel}","templated":true}]}}