{"id":96,"date":"2024-01-15T18:03:46","date_gmt":"2024-01-15T18:03:46","guid":{"rendered":"https:\/\/videos.danielconversano.com\/?post_type=product&#038;p=96"},"modified":"2024-01-15T18:34:22","modified_gmt":"2024-01-15T18:34:22","slug":"presentation-et-analyse-dun-joyau-du-cinema-dhorreur-lau-dela-1981-de-lucio-fulci","status":"publish","type":"product","link":"https:\/\/videos.danielconversano.com\/?product=presentation-et-analyse-dun-joyau-du-cinema-dhorreur-lau-dela-1981-de-lucio-fulci","title":{"rendered":"Pr\u00e9sentation et analyse d&rsquo;un joyau du cin\u00e9ma d&rsquo;horreur : L&rsquo;Au-del\u00e0 (1981) de Lucio Fulci"},"content":{"rendered":"","protected":false},"excerpt":{"rendered":"<p>En 1927 dans l&rsquo;h\u00f4tel des Sept Portes en Louisiane, le peintre Zweick s\u00e9journe dans la chambre 36 lorsqu&rsquo;un groupe d&rsquo;hommes de la r\u00e9gion fait irruption. Le soup\u00e7onnant de sorcellerie, ils le battent \u00e0 coups de cha\u00eenes, puis l&#8217;emm\u00e8nent \u00e0 la cave o\u00f9 ils le crucifient \u00e0 un mur grav\u00e9 d&rsquo;un \u00e9trange symbole, et enfin le recouvrent de chaux vive.<\/p>\n<p>Au m\u00eame moment, Emily, une jeune fille du quartier, entre en possession du myst\u00e9rieux Livre d&rsquo;Eibon, et d\u00e9couvre que l&rsquo;h\u00f4tel des Sept Portes a \u00e9t\u00e9 construit sur l&rsquo;une des sept portes de l&rsquo;enfer. Le livre prend feu dans ses mains.<\/p>\n<p>54 ans plus tard, Liza Merril, une jeune New-Yorkaise, h\u00e9rite de l&rsquo;h\u00f4tel des Sept Portes, qui est en tr\u00e8s mauvais \u00e9tat. D\u00e9termin\u00e9e \u00e0 y faire des b\u00e9n\u00e9fices, elle commence \u00e0 r\u00e9nover le b\u00e2timent, mais d&rsquo;\u00e9tranges accidents ne tardent pas \u00e0 se produire&#8230;<\/p>\n","protected":false},"featured_media":97,"template":"","meta":[],"product_brand":[],"product_cat":[15],"product_tag":[],"class_list":{"0":"post-96","1":"product","2":"type-product","3":"status-publish","4":"has-post-thumbnail","6":"product_cat-uncategorized","8":"first","9":"instock","10":"virtual","11":"sold-individually","12":"purchasable","13":"product-type-paywall"},"_links":{"self":[{"href":"https:\/\/videos.danielconversano.com\/index.php?rest_route=\/wp\/v2\/product\/96","targetHints":{"allow":["GET"]}}],"collection":[{"href":"https:\/\/videos.danielconversano.com\/index.php?rest_route=\/wp\/v2\/product"}],"about":[{"href":"https:\/\/videos.danielconversano.com\/index.php?rest_route=\/wp\/v2\/types\/product"}],"version-history":[{"count":2,"href":"https:\/\/videos.danielconversano.com\/index.php?rest_route=\/wp\/v2\/product\/96\/revisions"}],"predecessor-version":[{"id":112,"href":"https:\/\/videos.danielconversano.com\/index.php?rest_route=\/wp\/v2\/product\/96\/revisions\/112"}],"wp:featuredmedia":[{"embeddable":true,"href":"https:\/\/videos.danielconversano.com\/index.php?rest_route=\/wp\/v2\/media\/97"}],"wp:attachment":[{"href":"https:\/\/videos.danielconversano.com\/index.php?rest_route=%2Fwp%2Fv2%2Fmedia&parent=96"}],"wp:term":[{"taxonomy":"product_brand","embeddable":true,"href":"https:\/\/videos.danielconversano.com\/index.php?rest_route=%2Fwp%2Fv2%2Fproduct_brand&post=96"},{"taxonomy":"product_cat","embeddable":true,"href":"https:\/\/videos.danielconversano.com\/index.php?rest_route=%2Fwp%2Fv2%2Fproduct_cat&post=96"},{"taxonomy":"product_tag","embeddable":true,"href":"https:\/\/videos.danielconversano.com\/index.php?rest_route=%2Fwp%2Fv2%2Fproduct_tag&post=96"}],"curies":[{"name":"wp","href":"https:\/\/api.w.org\/{rel}","templated":true}]}}